{"id":58,"date":"2019-07-11T10:52:17","date_gmt":"2019-07-11T07:52:17","guid":{"rendered":"http:\/\/www.makyaj.mobi\/?page_id=58"},"modified":"2019-07-11T10:52:18","modified_gmt":"2019-07-11T07:52:18","slug":"makyaj-teknikleri-video","status":"publish","type":"page","link":"http:\/\/www.makyaj.mobi\/index.php\/makyaj-teknikleri-video\/","title":{"rendered":"Makyaj Teknikleri Video"},"content":{"rendered":"\n<h4 class=\"wp-block-heading\">Makyaj Teknikleri Video<\/h4>\n\n\n\n<p>Profesyonel Maky\u00f6z Nurg\u00fcl Koluk\u0131r\u0131k Makyaja Nas\u0131l Ba\u015flan\u0131r , Nelere \nDikkat etmek gerekir bu detaylar\u0131 a\u00e7\u0131klayan bir video d\u00fczenledi.<br>\nVideo yu dikkatlice izlerseniz ve kullan\u0131lan malzemeler sizde de \nmevcutsa e\u011fer gece d\u0131\u015far\u0131ya \u00e7\u0131karken profesyonel makyajlar \nyapabilirsiniz.<\/p>\n\n\n\n<p>Kullan\u0131lan Marka&nbsp; : Kryolan , Mac<\/p>\n\n\n\n<h3 class=\"wp-block-heading\">Bu makyajda kullan\u0131lan Makyaj Malzemeleri<\/h3>\n\n\n\n<ul class=\"wp-block-list\"><li>Fond\u00f6ten : Mac NW20 \u2013 NC41<\/li><li>Pudra&nbsp;&nbsp; &nbsp;&nbsp;&nbsp; : Mac Transparan pudra<\/li><li>G\u00f6z baz\u0131&nbsp;&nbsp;&nbsp; : Mac<\/li><li>G\u00f6z Farlar\u0131 :&nbsp;&nbsp; Mac<\/li><li>Eyeliner&nbsp;&nbsp;&nbsp;&nbsp;&nbsp; : Mac Blactrack<\/li><li>Rimel &nbsp;&nbsp; &nbsp;&nbsp;&nbsp;&nbsp;&nbsp;&nbsp; : Meybelline<\/li><li>Ayd\u0131nlat\u0131c\u0131&nbsp; : Mac<\/li><li>All\u0131k&nbsp;&nbsp; &nbsp;&nbsp;&nbsp;&nbsp;&nbsp; :&nbsp; Mac Springsheen<\/li><li>Ruj&nbsp;&nbsp; &nbsp;&nbsp;&nbsp;&nbsp; : Kryolan pink<\/li><li>Parlat\u0131c\u0131&nbsp;&nbsp;&nbsp; : Mac<\/li><\/ul>\n","protected":false},"excerpt":{"rendered":"<p>Makyaj Teknikleri Video Profesyonel Maky\u00f6z Nurg\u00fcl Koluk\u0131r\u0131k Makyaja Nas\u0131l Ba\u015flan\u0131r , Nelere Dikkat etmek gerekir bu detaylar\u0131 a\u00e7\u0131klayan bir video d\u00fczenledi. Video yu dikkatlice izlerseniz ve kullan\u0131lan malzemeler sizde de mevcutsa e\u011fer gece d\u0131\u015far\u0131ya \u00e7\u0131karken profesyonel makyajlar yapabilirsiniz. Kullan\u0131lan Marka&nbsp; : Kryolan , Mac Bu makyajda kullan\u0131lan Makyaj Malzemeleri Fond\u00f6ten : Mac NW20 \u2013 NC41Pudra&nbsp;&nbsp; &hellip;<\/p>\n","protected":false},"author":1,"featured_media":0,"parent":0,"menu_order":0,"comment_status":"closed","ping_status":"closed","template":"","meta":{"footnotes":""},"tags":[],"class_list":["post-58","page","type-page","status-publish",""],"aioseo_notices":[],"_links":{"self":[{"href":"http:\/\/www.makyaj.mobi\/index.php\/wp-json\/wp\/v2\/pages\/58","targetHints":{"allow":["GET"]}}],"collection":[{"href":"http:\/\/www.makyaj.mobi\/index.php\/wp-json\/wp\/v2\/pages"}],"about":[{"href":"http:\/\/www.makyaj.mobi\/index.php\/wp-json\/wp\/v2\/types\/page"}],"author":[{"embeddable":true,"href":"http:\/\/www.makyaj.mobi\/index.php\/wp-json\/wp\/v2\/users\/1"}],"replies":[{"embeddable":true,"href":"http:\/\/www.makyaj.mobi\/index.php\/wp-json\/wp\/v2\/comments?post=58"}],"version-history":[{"count":1,"href":"http:\/\/www.makyaj.mobi\/index.php\/wp-json\/wp\/v2\/pages\/58\/revisions"}],"predecessor-version":[{"id":59,"href":"http:\/\/www.makyaj.mobi\/index.php\/wp-json\/wp\/v2\/pages\/58\/revisions\/59"}],"wp:attachment":[{"href":"http:\/\/www.makyaj.mobi\/index.php\/wp-json\/wp\/v2\/media?parent=58"}],"wp:term":[{"taxonomy":"post_tag","embeddable":true,"href":"http:\/\/www.makyaj.mobi\/index.php\/wp-json\/wp\/v2\/tags?post=58"}],"curies":[{"name":"wp","href":"https:\/\/api.w.org\/{rel}","templated":true}]}}