{"id":56,"date":"2019-07-11T10:51:50","date_gmt":"2019-07-11T07:51:50","guid":{"rendered":"http:\/\/www.makyaj.mobi\/?page_id=56"},"modified":"2019-07-11T10:51:51","modified_gmt":"2019-07-11T07:51:51","slug":"makyaj-kursu-videolari","status":"publish","type":"page","link":"http:\/\/www.makyaj.mobi\/index.php\/makyaj-kursu-videolari\/","title":{"rendered":"Makyaj Kursu Videolar\u0131"},"content":{"rendered":"\n<h4 class=\"wp-block-heading\">Makyaj Kursu Videolar\u0131<\/h4>\n\n\n\n<p>Makeup Pro olarak d\u00fczenlenen Makyaj Kursuna ait makyaj yapma \nvideolar\u0131 , kurs g\u00f6r\u00fcnt\u00fcleri ,e\u011fitim alan \u00f6\u011frencilerin \u00e7al\u0131\u015fmalar\u0131 vb \ng\u00f6r\u00fcnt\u00fcleri sizler i\u00e7in videolad\u0131k.<\/p>\n\n\n\n<p>Hem e\u011fitici hem de e\u011flenceli dakikalar ge\u00e7iren \u00f6\u011frencilerin videolar\u0131n\u0131 a\u015fa\u011f\u0131da izleyebilirsiniz.<\/p>\n\n\n\n<p>\u00d6\u011frenciler<\/p>\n\n\n\n<ul class=\"wp-block-list\"><li>Avusturya dan Makyaj E\u011fitimi i\u00e7in gelen Tu\u011fba<\/li><li>Bankac\u0131 olan ama sevdi\u011fi i\u015fi yapmak isteyen Rezzan<\/li><li>Maky\u00f6z olmak isteyen Ev han\u0131m\u0131 Nigar<\/li><li>Kocaeli nden \u0130stanbul a kadar gelen ve kendini geli\u015ftirmek isteyen G\u00f6k\u00e7e<\/li><li>Maky\u00f6z Yard\u0131mc\u0131s\u0131 Sema<\/li><\/ul>\n\n\n\n<p style=\"text-align:right\">Makyaj E\u011fitmeni : Nurg\u00fcl Koluk\u0131r\u0131k<\/p>\n","protected":false},"excerpt":{"rendered":"<p>Makyaj Kursu Videolar\u0131 Makeup Pro olarak d\u00fczenlenen Makyaj Kursuna ait makyaj yapma videolar\u0131 , kurs g\u00f6r\u00fcnt\u00fcleri ,e\u011fitim alan \u00f6\u011frencilerin \u00e7al\u0131\u015fmalar\u0131 vb g\u00f6r\u00fcnt\u00fcleri sizler i\u00e7in videolad\u0131k. Hem e\u011fitici hem de e\u011flenceli dakikalar ge\u00e7iren \u00f6\u011frencilerin videolar\u0131n\u0131 a\u015fa\u011f\u0131da izleyebilirsiniz. \u00d6\u011frenciler Avusturya dan Makyaj E\u011fitimi i\u00e7in gelen Tu\u011fbaBankac\u0131 olan ama sevdi\u011fi i\u015fi yapmak isteyen RezzanMaky\u00f6z olmak isteyen Ev han\u0131m\u0131 &hellip;<\/p>\n","protected":false},"author":1,"featured_media":0,"parent":0,"menu_order":0,"comment_status":"closed","ping_status":"closed","template":"","meta":{"footnotes":""},"tags":[],"class_list":["post-56","page","type-page","status-publish",""],"aioseo_notices":[],"_links":{"self":[{"href":"http:\/\/www.makyaj.mobi\/index.php\/wp-json\/wp\/v2\/pages\/56","targetHints":{"allow":["GET"]}}],"collection":[{"href":"http:\/\/www.makyaj.mobi\/index.php\/wp-json\/wp\/v2\/pages"}],"about":[{"href":"http:\/\/www.makyaj.mobi\/index.php\/wp-json\/wp\/v2\/types\/page"}],"author":[{"embeddable":true,"href":"http:\/\/www.makyaj.mobi\/index.php\/wp-json\/wp\/v2\/users\/1"}],"replies":[{"embeddable":true,"href":"http:\/\/www.makyaj.mobi\/index.php\/wp-json\/wp\/v2\/comments?post=56"}],"version-history":[{"count":1,"href":"http:\/\/www.makyaj.mobi\/index.php\/wp-json\/wp\/v2\/pages\/56\/revisions"}],"predecessor-version":[{"id":57,"href":"http:\/\/www.makyaj.mobi\/index.php\/wp-json\/wp\/v2\/pages\/56\/revisions\/57"}],"wp:attachment":[{"href":"http:\/\/www.makyaj.mobi\/index.php\/wp-json\/wp\/v2\/media?parent=56"}],"wp:term":[{"taxonomy":"post_tag","embeddable":true,"href":"http:\/\/www.makyaj.mobi\/index.php\/wp-json\/wp\/v2\/tags?post=56"}],"curies":[{"name":"wp","href":"https:\/\/api.w.org\/{rel}","templated":true}]}}