{"id":52,"date":"2019-07-11T10:39:23","date_gmt":"2019-07-11T07:39:23","guid":{"rendered":"http:\/\/www.makyaj.mobi\/?page_id=52"},"modified":"2019-07-11T10:39:25","modified_gmt":"2019-07-11T07:39:25","slug":"hizlandirilmis-makyaj-kurslari","status":"publish","type":"page","link":"http:\/\/www.makyaj.mobi\/index.php\/hizlandirilmis-makyaj-kurslari\/","title":{"rendered":"H\u0131zland\u0131r\u0131lm\u0131\u015f Makyaj Kurslar\u0131"},"content":{"rendered":"\n<h4 class=\"wp-block-heading\">H\u0131zland\u0131r\u0131lm\u0131\u015f Makyaj Kurslar\u0131<\/h4>\n\n\n\n<p>Son zamanlarda h\u0131zland\u0131r\u0131lm\u0131\u015f makyaj e\u011fitimlerinde bir art\u0131\u015f oldu ve \ninsanlar normal makyaj kurslar\u0131yla h\u0131zland\u0131r\u0131lm\u0131\u015f makyaj kurslar\u0131 \naras\u0131ndaki farkl\u0131l\u0131klar\u0131 anlamaya \u00e7al\u0131\u015f\u0131yorlar.<br>\nAsl\u0131nda bir farkl\u0131l\u0131k yok. Ayn\u0131 uzun d\u00f6nem e\u011fitimin daha h\u0131zland\u0131r\u0131lm\u0131\u015f ve kompakt hali.<br>\nDolay\u0131s\u0131yla \u015fehir d\u0131\u015f\u0131nda veya yurt d\u0131\u015f\u0131nda ya\u015fayanlar i\u00e7in \u00e7ok uygun bir se\u00e7enek.<br>\nE\u011fer fazla vaktiniz ve zaman probleminiz var bu tarz h\u0131zland\u0131r\u0131lm\u0131\u015f makyaj kurslar\u0131n\u0131 se\u00e7ebilirsiniz.<\/p>\n\n\n\n<p>Hemen sizlerle e\u011fitim program\u0131n\u0131 payla\u015fal\u0131m.<\/p>\n\n\n\n<p>2014 sezonunda H\u0131zland\u0131r\u0131lm\u0131\u015f Makyaj Kursuna kat\u0131lm\u0131\u015f ki\u015filer ;<\/p>\n\n\n\n<p>\u015eubat<br>\nAvusturya Tu\u011fba \u00dcST\u00dcN<\/p>\n\n\n\n<p>Mart<br>\n\u0130zmir K\u00fcbra Deniz I\u015eIK , Almanya Nuray KAPLAN<\/p>\n\n\n\n<p>Nisan<br>\n\u0130zmir \u0130LKNUR \u0130MA\u00c7<\/p>\n\n\n\n<p>May\u0131s<br>\nArnavutluk Sabina DUBOVA<\/p>\n\n\n\n<p>Haziran<br>\nBel\u00e7ika Esra \u00d6NDER ve Nuran \u00d6NDER<\/p>\n\n\n\n<p>Temmuz<br>\nAlmanya Leyla ATE\u015e&nbsp; ve Nurcan ATE\u015e<\/p>\n\n\n\n<h3 class=\"wp-block-heading\"><a href=\"https:\/\/web.archive.org\/web\/20180830194941\/http:\/\/makyaj.mobi\/wp-content\/uploads\/2014\/07\/Profesyonel-Maky\u00f6zler.jpg\"><\/a>HIZLANDIRILMI\u015e MAKYAJ KURSU<br>\nDERS KONULARI<\/h3>\n\n\n\n<p>1.G\u00dcN<br>\n\u2022&nbsp;&nbsp; &nbsp;Profesyonel Makyaj \u00fcr\u00fcnlerinin tan\u0131m\u0131, kullan\u0131m ve temizlik teknikleri<br>\n\u2022&nbsp;&nbsp; &nbsp;Makyaj F\u0131r\u00e7alar\u0131n\u0131 ve Malzemelerini Tek tek tan\u0131ma<br>\n2.G\u00dcN<br>\n\u2022&nbsp;&nbsp; &nbsp;Makyaj ile y\u00fczdeki kusurlar\u0131 kapatma teknikleri ve do\u011fru uygulamalar\u0131<br>\n\u2022&nbsp;&nbsp; &nbsp;G\u00fcnd\u00fcz ve Gece Makyaj teknikleri ve uygulamalar\u0131<br>\n\u2022&nbsp;&nbsp; &nbsp;Farkl\u0131 y\u00fcz anatomisi ve farkl\u0131 y\u00fcz \u015fekilleri ve morfolojisine g\u00f6re makyaj nas\u0131l yap\u0131l\u0131r<br>\n3.G\u00dcN<br>\n\u2022&nbsp;&nbsp; &nbsp;Makyajda Renk ve \u0131\u015f\u0131k bilgisi<br>\n\u2022&nbsp;&nbsp; &nbsp;Y\u00fczde G\u00f6lgelendirme ve Ayd\u0131nlatma<br>\n\u2022&nbsp;&nbsp; &nbsp;Foto\u011fraf Makyaj teknikleri ve uygulamalar\u0131<br>\n4.G\u00dcN<br>\n\u2022&nbsp;&nbsp; &nbsp;Gece Makyajlar\u0131<br>\n\u2022&nbsp;&nbsp; &nbsp;G\u00f6z Makyaj\u0131nda \u00c7e\u015fitli G\u00f6lgelendirmeler<br>\n5.G\u00dcN<br>\n\u2022&nbsp;&nbsp; &nbsp;Porselen Gelin Makyaj teknikleri ve uygulamalar\u0131<br>\n\u2022&nbsp;&nbsp; &nbsp;Smokey Eyes Makyaj teknikleri ve uygulamalar\u0131<br>\n\u2022&nbsp;&nbsp; &nbsp;High Definition (HD) Make-Up \u2013 Televizyon Makyaj\u0131 teknikleri ve uygulamalar\u0131<br>\n6.G\u00dcN<br>\n\u2022&nbsp;&nbsp; &nbsp;\u0130pek Kirpik E\u011fitimi ve Uygulamalar\u0131<br>\n\u2022&nbsp;&nbsp; &nbsp;Show Makyajlar\u0131<br>\n\u2022&nbsp;&nbsp; &nbsp;Aqua Paletlerle Fantezi Makyajlar<br>\n7.G\u00dcN<br>\n\u2022&nbsp;&nbsp; &nbsp; Zombi makyaj\u0131<br>\n\u2022&nbsp;&nbsp; &nbsp; \u00d6l\u00fc makyaj\u0131<br>\n\u2022&nbsp;&nbsp; &nbsp; Yara Makyajlar\u0131<br>\n\u2022&nbsp;&nbsp; &nbsp;Ya\u015fland\u0131rma Makyajlar\u0131<\/p>\n\n\n\n<p style=\"text-align:right\"><strong>Daha detayl\u0131 bilgi ve E\u011fitim Tarihleri i\u00e7in arayabilirsiniz 0532 3018690 \/ 444 3 671<\/strong><\/p>\n","protected":false},"excerpt":{"rendered":"<p>H\u0131zland\u0131r\u0131lm\u0131\u015f Makyaj Kurslar\u0131 Son zamanlarda h\u0131zland\u0131r\u0131lm\u0131\u015f makyaj e\u011fitimlerinde bir art\u0131\u015f oldu ve insanlar normal makyaj kurslar\u0131yla h\u0131zland\u0131r\u0131lm\u0131\u015f makyaj kurslar\u0131 aras\u0131ndaki farkl\u0131l\u0131klar\u0131 anlamaya \u00e7al\u0131\u015f\u0131yorlar. Asl\u0131nda bir farkl\u0131l\u0131k yok. Ayn\u0131 uzun d\u00f6nem e\u011fitimin daha h\u0131zland\u0131r\u0131lm\u0131\u015f ve kompakt hali. Dolay\u0131s\u0131yla \u015fehir d\u0131\u015f\u0131nda veya yurt d\u0131\u015f\u0131nda ya\u015fayanlar i\u00e7in \u00e7ok uygun bir se\u00e7enek. E\u011fer fazla vaktiniz ve zaman probleminiz var &hellip;<\/p>\n","protected":false},"author":1,"featured_media":0,"parent":0,"menu_order":0,"comment_status":"closed","ping_status":"closed","template":"","meta":{"footnotes":""},"tags":[],"class_list":["post-52","page","type-page","status-publish",""],"aioseo_notices":[],"_links":{"self":[{"href":"http:\/\/www.makyaj.mobi\/index.php\/wp-json\/wp\/v2\/pages\/52","targetHints":{"allow":["GET"]}}],"collection":[{"href":"http:\/\/www.makyaj.mobi\/index.php\/wp-json\/wp\/v2\/pages"}],"about":[{"href":"http:\/\/www.makyaj.mobi\/index.php\/wp-json\/wp\/v2\/types\/page"}],"author":[{"embeddable":true,"href":"http:\/\/www.makyaj.mobi\/index.php\/wp-json\/wp\/v2\/users\/1"}],"replies":[{"embeddable":true,"href":"http:\/\/www.makyaj.mobi\/index.php\/wp-json\/wp\/v2\/comments?post=52"}],"version-history":[{"count":1,"href":"http:\/\/www.makyaj.mobi\/index.php\/wp-json\/wp\/v2\/pages\/52\/revisions"}],"predecessor-version":[{"id":53,"href":"http:\/\/www.makyaj.mobi\/index.php\/wp-json\/wp\/v2\/pages\/52\/revisions\/53"}],"wp:attachment":[{"href":"http:\/\/www.makyaj.mobi\/index.php\/wp-json\/wp\/v2\/media?parent=52"}],"wp:term":[{"taxonomy":"post_tag","embeddable":true,"href":"http:\/\/www.makyaj.mobi\/index.php\/wp-json\/wp\/v2\/tags?post=52"}],"curies":[{"name":"wp","href":"https:\/\/api.w.org\/{rel}","templated":true}]}}