{"id":48,"date":"2019-07-11T10:38:10","date_gmt":"2019-07-11T07:38:10","guid":{"rendered":"http:\/\/www.makyaj.mobi\/?page_id=48"},"modified":"2019-07-11T10:38:11","modified_gmt":"2019-07-11T07:38:11","slug":"kisisel-makyaj-egitimi-firsatlari","status":"publish","type":"page","link":"http:\/\/www.makyaj.mobi\/index.php\/kisisel-makyaj-egitimi-firsatlari\/","title":{"rendered":"Ki\u015fisel Makyaj E\u011fitimi F\u0131rsatlar\u0131"},"content":{"rendered":"\n<h4 class=\"wp-block-heading\">Ki\u015fisel Makyaj E\u011fitimi F\u0131rsatlar\u0131<\/h4>\n\n\n\n<p>Makyaj kursu f\u0131rsatlar\u0131 ile makyaj\u0131n d\u00fcnyas\u0131na renkli g\u00fczelli\u011fine davetlisiniz.<br>\nMakyaj kursu f\u0131rsatlar\u0131 ile \u00f6zel g\u00fcn ve gecelerinizde kendi makyaj\u0131n\u0131z\u0131 \nkendi y\u00fcz\u00fcn\u00fcze Make-Up PRO Academy ile renklerin teninizdeki muhte\u015fem \nuyumunu sadece 1 g\u00fcn\u00fcn\u00fcz\u00fc ay\u0131rarak 5 saatlik makyaj e\u011fitimi sonunda \nevinize makyaj sertifikan\u0131z ile birlikte d\u00f6nmeye ne dersiniz? Kesinlikle\n Evet Olmal\u0131.<\/p>\n\n\n\n<p>Size profesyonel maky\u00f6z e\u011fitmenleri ve kurumlar taraf\u0131ndan diplomal\u0131 \nmakyaj e\u011fitmenleri e\u015fli\u011finde profesyonelli\u011fe ilk ad\u0131m\u0131 atmaya davet \nediyoruz.&nbsp;&nbsp; Make-Up PRO Academy size do\u011fru makyaj\u0131n inceliklerini Makyaj\n kursu f\u0131rsatlar\u0131 ile \u00f6\u011frenme imk\u00e2n\u0131 sunuyor. Dilerseniz siz de kendi \nmakyaj uzman\u0131n\u0131z olun veya kendi makyaj becerinizi geli\u015ftirip sizin \ny\u00fcz\u00fcn\u00fcze ve morfolojik kemik yap\u0131n\u0131za uygun makyaj yapmay\u0131 \u00f6\u011frenin.<\/p>\n\n\n\n<p>E\u011fer Sizde Ki\u015fiye \u00f6zel makyaj e\u011fitimi istiyorsan\u0131z ve bunu profesyonel anlamda d\u00fc\u015f\u00fcn\u00fcyorsan\u0131z arayabilirsiniz.<\/p>\n\n\n\n<p style=\"text-align:right\"><strong>Detayl\u0131 Bilgi ve \u0130leti\u015fim i\u00e7in ; 0532 3018690 \/ 444 3 671<\/strong><\/p>\n\n\n\n<p style=\"text-align:right\">E\u011fitmen Nurg\u00fcl Koluk\u0131r\u0131k<\/p>\n","protected":false},"excerpt":{"rendered":"<p>Ki\u015fisel Makyaj E\u011fitimi F\u0131rsatlar\u0131 Makyaj kursu f\u0131rsatlar\u0131 ile makyaj\u0131n d\u00fcnyas\u0131na renkli g\u00fczelli\u011fine davetlisiniz. Makyaj kursu f\u0131rsatlar\u0131 ile \u00f6zel g\u00fcn ve gecelerinizde kendi makyaj\u0131n\u0131z\u0131 kendi y\u00fcz\u00fcn\u00fcze Make-Up PRO Academy ile renklerin teninizdeki muhte\u015fem uyumunu sadece 1 g\u00fcn\u00fcn\u00fcz\u00fc ay\u0131rarak 5 saatlik makyaj e\u011fitimi sonunda evinize makyaj sertifikan\u0131z ile birlikte d\u00f6nmeye ne dersiniz? Kesinlikle Evet Olmal\u0131. Size profesyonel &hellip;<\/p>\n","protected":false},"author":1,"featured_media":0,"parent":0,"menu_order":0,"comment_status":"closed","ping_status":"closed","template":"","meta":{"footnotes":""},"tags":[],"class_list":["post-48","page","type-page","status-publish",""],"aioseo_notices":[],"_links":{"self":[{"href":"http:\/\/www.makyaj.mobi\/index.php\/wp-json\/wp\/v2\/pages\/48","targetHints":{"allow":["GET"]}}],"collection":[{"href":"http:\/\/www.makyaj.mobi\/index.php\/wp-json\/wp\/v2\/pages"}],"about":[{"href":"http:\/\/www.makyaj.mobi\/index.php\/wp-json\/wp\/v2\/types\/page"}],"author":[{"embeddable":true,"href":"http:\/\/www.makyaj.mobi\/index.php\/wp-json\/wp\/v2\/users\/1"}],"replies":[{"embeddable":true,"href":"http:\/\/www.makyaj.mobi\/index.php\/wp-json\/wp\/v2\/comments?post=48"}],"version-history":[{"count":1,"href":"http:\/\/www.makyaj.mobi\/index.php\/wp-json\/wp\/v2\/pages\/48\/revisions"}],"predecessor-version":[{"id":49,"href":"http:\/\/www.makyaj.mobi\/index.php\/wp-json\/wp\/v2\/pages\/48\/revisions\/49"}],"wp:attachment":[{"href":"http:\/\/www.makyaj.mobi\/index.php\/wp-json\/wp\/v2\/media?parent=48"}],"wp:term":[{"taxonomy":"post_tag","embeddable":true,"href":"http:\/\/www.makyaj.mobi\/index.php\/wp-json\/wp\/v2\/tags?post=48"}],"curies":[{"name":"wp","href":"https:\/\/api.w.org\/{rel}","templated":true}]}}