{"id":42,"date":"2019-07-11T10:34:56","date_gmt":"2019-07-11T07:34:56","guid":{"rendered":"http:\/\/www.makyaj.mobi\/?page_id=42"},"modified":"2019-07-11T10:34:58","modified_gmt":"2019-07-11T07:34:58","slug":"gelin-makyaji-2013","status":"publish","type":"page","link":"http:\/\/www.makyaj.mobi\/index.php\/gelin-makyaji-2013\/","title":{"rendered":"Gelin Makyaj\u0131 2013"},"content":{"rendered":"\n<h4 class=\"wp-block-heading\">Gelin Makyaj\u0131 2013<\/h4>\n\n\n\n<p> Gelin Makyaj\u0131 bu sene nas\u0131l olacak , Gelin Makyaj\u0131 hangi tonlarda ve Hangi Renkler Olmal\u0131 ? <\/p>\n\n\n\n<p>Gelinlerden ve Maky\u00f6z arkada\u015flar\u0131mdan s\u0131k\u00e7a duydu\u011fum sorular bunlar ve bende bunlar\u0131 yan\u0131tlayarak payla\u015fmak istedim.<\/p>\n\n\n\n<p>\u00d6ncelikle 2013 Gelin Makyaj\u0131 trend leri<\/p>\n\n\n\n<p>Y\u00fcz makyaj\u0131<br>\n\u0131\u015f\u0131lt\u0131l\u0131 ve parlak olabilir ( Havalar so\u011fuk oldu\u011fu i\u00e7in terlemeye kar\u015f\u0131 \ndaha az tedbir alabilirsiniz. Ama yaz gelini iseniz mat fond\u00f6ten ve mat \npudralar kullanman\u0131z gerekir )<\/p>\n\n\n\n<p>G\u00f6z Makyajlar\u0131<br>\n\u0130stedi\u011finiz kadar koyu g\u00f6z makyajlar\u0131 yapabilirsiniz. S\u0131rf siyah ve \nhafif kahve ile g\u00f6lgelendirmi\u015f bir g\u00f6z makyaj\u0131 ideal. Bunun yan\u0131 s\u0131ra<\/p>\n\n\n\n<p>Mavi G\u00f6zler<br>\nSiyah, Gri \u2013 Lacivert,&nbsp; Pembe \u2013 Mor uyumu<br>\nYe\u015fil G\u00f6zler<br>\nKoyu Zeytin ye\u015filleri ve parlak kahve tonlar\u0131, M\u00fcrd\u00fcmler<br>\nKahverengi \/ Ela G\u00f6zler<br>\nMat kahve ve Siyahlar, Leylak ve Siyah g\u00f6lgelendirmeler..<\/p>\n\n\n\n<p>All\u0131k Se\u00e7imi<br>\nElmac\u0131k kemiklerinizi iyice ortaya \u00e7\u0131karabilirsiniz , belirgin olmas\u0131ndan \u00e7ekinmeyin.<br>\nG\u00f6z makyaj\u0131yla do\u011fru orant\u0131 da olmas\u0131na dikkat edin.<\/p>\n\n\n\n<p>Dudak Makyaj\u0131<br> Yapt\u0131\u011f\u0131n\u0131z g\u00f6z makyaj\u0131yla uyumu bozmadan..<br> Koyu g\u00f6z makyaj\u0131nda n\u00f6tr dudak makyaj\u0131<br> Hafif g\u00f6z makyajlar\u0131nda daha belirgin dudaklar olabilir. \u00d6rne\u011fin bordo ruj gibi..<\/p>\n\n\n\n<p><br> Biraz fazla m\u0131 iddaal\u0131 diye d\u00fc\u015f\u00fcn\u00fcrseniz .. Tercih size kalm\u0131\u015f<br> Dudak makyaj\u0131n\u0131n koyu olmas\u0131ndan \u00e7ok ho\u015flanmayanlar i\u00e7in o zaman tercih iyi bir g\u00f6z makyaj\u0131 olmal\u0131..<br> G\u00fcler ve G\u00fczel Y\u00fczl\u00fc Gelinlere\u2026<br> Profesyonel Maky\u00f6z &amp; Makyaj E\u011fitmeni<br> Nurg\u00fcl Koluk\u0131r\u0131k<\/p>\n","protected":false},"excerpt":{"rendered":"<p>Gelin Makyaj\u0131 2013 Gelin Makyaj\u0131 bu sene nas\u0131l olacak , Gelin Makyaj\u0131 hangi tonlarda ve Hangi Renkler Olmal\u0131 ? Gelinlerden ve Maky\u00f6z arkada\u015flar\u0131mdan s\u0131k\u00e7a duydu\u011fum sorular bunlar ve bende bunlar\u0131 yan\u0131tlayarak payla\u015fmak istedim. \u00d6ncelikle 2013 Gelin Makyaj\u0131 trend leri Y\u00fcz makyaj\u0131 \u0131\u015f\u0131lt\u0131l\u0131 ve parlak olabilir ( Havalar so\u011fuk oldu\u011fu i\u00e7in terlemeye kar\u015f\u0131 daha az tedbir &hellip;<\/p>\n","protected":false},"author":1,"featured_media":0,"parent":0,"menu_order":0,"comment_status":"closed","ping_status":"closed","template":"","meta":{"footnotes":""},"tags":[],"class_list":["post-42","page","type-page","status-publish",""],"aioseo_notices":[],"_links":{"self":[{"href":"http:\/\/www.makyaj.mobi\/index.php\/wp-json\/wp\/v2\/pages\/42","targetHints":{"allow":["GET"]}}],"collection":[{"href":"http:\/\/www.makyaj.mobi\/index.php\/wp-json\/wp\/v2\/pages"}],"about":[{"href":"http:\/\/www.makyaj.mobi\/index.php\/wp-json\/wp\/v2\/types\/page"}],"author":[{"embeddable":true,"href":"http:\/\/www.makyaj.mobi\/index.php\/wp-json\/wp\/v2\/users\/1"}],"replies":[{"embeddable":true,"href":"http:\/\/www.makyaj.mobi\/index.php\/wp-json\/wp\/v2\/comments?post=42"}],"version-history":[{"count":1,"href":"http:\/\/www.makyaj.mobi\/index.php\/wp-json\/wp\/v2\/pages\/42\/revisions"}],"predecessor-version":[{"id":43,"href":"http:\/\/www.makyaj.mobi\/index.php\/wp-json\/wp\/v2\/pages\/42\/revisions\/43"}],"wp:attachment":[{"href":"http:\/\/www.makyaj.mobi\/index.php\/wp-json\/wp\/v2\/media?parent=42"}],"wp:term":[{"taxonomy":"post_tag","embeddable":true,"href":"http:\/\/www.makyaj.mobi\/index.php\/wp-json\/wp\/v2\/tags?post=42"}],"curies":[{"name":"wp","href":"https:\/\/api.w.org\/{rel}","templated":true}]}}