{"id":33,"date":"2019-07-11T10:29:38","date_gmt":"2019-07-11T07:29:38","guid":{"rendered":"http:\/\/www.makyaj.mobi\/?page_id=33"},"modified":"2019-07-11T10:29:40","modified_gmt":"2019-07-11T07:29:40","slug":"profesyonel-makyaj-nasil-yapilir","status":"publish","type":"page","link":"http:\/\/www.makyaj.mobi\/index.php\/profesyonel-makyaj-nasil-yapilir\/","title":{"rendered":"Profesyonel Makyaj Nas\u0131l Yap\u0131l\u0131r"},"content":{"rendered":"\n<h4 class=\"wp-block-heading\">Profesyonel Makyaj Nas\u0131l Yap\u0131l\u0131r<\/h4>\n\n\n\n<div class=\"wp-block-image\"><figure class=\"aligncenter\"><img loading=\"lazy\" decoding=\"async\" width=\"295\" height=\"300\" src=\"http:\/\/www.makyaj.mobi\/wp-content\/uploads\/2019\/07\/Profesyonel-Makyaj.jpg\" alt=\"\" class=\"wp-image-34\"\/><figcaption> Profesyonel Makyaj Nas\u0131l Yap\u0131l\u0131r <\/figcaption><\/figure><\/div>\n\n\n\n<p>Profesyonel Makyaj yine Profesyonel Makyaj malzemeleriyle profesyonel\n Maky\u00f6z taraf\u0131ndan yap\u0131l\u0131r. Do\u011fru makyaj tekniklerini kullanarak do\u011fru \nki\u015fiye do\u011fru makyaj tekni\u011fiyle yap\u0131lmal\u0131d\u0131r.<\/p>\n\n\n\n<p>Y\u00fczdeki alt\u0131n orana g\u00f6re Makyaj Stilini belirlemek ve bunu do\u011fru \nrenklerle kullanarak ki\u015filerinin g\u00fczel yanlar\u0131n\u0131 \u00f6n plana \u00e7\u0131karmakt\u0131r \nProfesyonel makyaj.<\/p>\n\n\n\n<p>Bu y\u00fczden a\u015fa\u011f\u0131daki maddelere uyularak uygulanmas\u0131 gerekir.<\/p>\n\n\n\n<ol class=\"wp-block-list\"><li>&nbsp;Makyaj Malzemelerini Tan\u0131ma ve Do\u011fru Kullanma Teknikleri<\/li><li>&nbsp;G\u00f6z \u015eekil ve Rengine G\u00f6re Makyaj Yapma Teknikleri<\/li><li>&nbsp;Y\u00fcz \u015eekillerine G\u00f6re Makyaj Yapma Teknikleri<\/li><\/ol>\n\n\n\n<p>Detaylar\u0131 <a href=\"http:\/\/www.makyaj.mobi\/\">Makyaj.mobi<\/a> sitemizde okuyarak devam edebilrisiniz.<\/p>\n","protected":false},"excerpt":{"rendered":"<p>Profesyonel Makyaj Nas\u0131l Yap\u0131l\u0131r Profesyonel Makyaj Nas\u0131l Yap\u0131l\u0131r Profesyonel Makyaj yine Profesyonel Makyaj malzemeleriyle profesyonel Maky\u00f6z taraf\u0131ndan yap\u0131l\u0131r. Do\u011fru makyaj tekniklerini kullanarak do\u011fru ki\u015fiye do\u011fru makyaj tekni\u011fiyle yap\u0131lmal\u0131d\u0131r. Y\u00fczdeki alt\u0131n orana g\u00f6re Makyaj Stilini belirlemek ve bunu do\u011fru renklerle kullanarak ki\u015filerinin g\u00fczel yanlar\u0131n\u0131 \u00f6n plana \u00e7\u0131karmakt\u0131r Profesyonel makyaj. Bu y\u00fczden a\u015fa\u011f\u0131daki maddelere uyularak uygulanmas\u0131 gerekir. &hellip;<\/p>\n","protected":false},"author":1,"featured_media":0,"parent":0,"menu_order":0,"comment_status":"closed","ping_status":"closed","template":"","meta":{"footnotes":""},"tags":[],"class_list":["post-33","page","type-page","status-publish",""],"aioseo_notices":[],"_links":{"self":[{"href":"http:\/\/www.makyaj.mobi\/index.php\/wp-json\/wp\/v2\/pages\/33","targetHints":{"allow":["GET"]}}],"collection":[{"href":"http:\/\/www.makyaj.mobi\/index.php\/wp-json\/wp\/v2\/pages"}],"about":[{"href":"http:\/\/www.makyaj.mobi\/index.php\/wp-json\/wp\/v2\/types\/page"}],"author":[{"embeddable":true,"href":"http:\/\/www.makyaj.mobi\/index.php\/wp-json\/wp\/v2\/users\/1"}],"replies":[{"embeddable":true,"href":"http:\/\/www.makyaj.mobi\/index.php\/wp-json\/wp\/v2\/comments?post=33"}],"version-history":[{"count":1,"href":"http:\/\/www.makyaj.mobi\/index.php\/wp-json\/wp\/v2\/pages\/33\/revisions"}],"predecessor-version":[{"id":35,"href":"http:\/\/www.makyaj.mobi\/index.php\/wp-json\/wp\/v2\/pages\/33\/revisions\/35"}],"wp:attachment":[{"href":"http:\/\/www.makyaj.mobi\/index.php\/wp-json\/wp\/v2\/media?parent=33"}],"wp:term":[{"taxonomy":"post_tag","embeddable":true,"href":"http:\/\/www.makyaj.mobi\/index.php\/wp-json\/wp\/v2\/tags?post=33"}],"curies":[{"name":"wp","href":"https:\/\/api.w.org\/{rel}","templated":true}]}}