{"id":29,"date":"2019-07-11T10:27:31","date_gmt":"2019-07-11T07:27:31","guid":{"rendered":"http:\/\/www.makyaj.mobi\/?page_id=29"},"modified":"2019-07-11T10:27:33","modified_gmt":"2019-07-11T07:27:33","slug":"makyaj-teknikleri","status":"publish","type":"page","link":"http:\/\/www.makyaj.mobi\/index.php\/makyaj-teknikleri\/","title":{"rendered":"Makyaj Teknikleri"},"content":{"rendered":"\n<h4 class=\"wp-block-heading\">Makyaj Teknikleri<\/h4>\n\n\n\n<p>Makyaj Teknikleri ni bildi\u011finiz zaman Makyaj yapmak \u00e7ok zevkli hale \ngelir. Bilmedi\u011finiz takdirde sorunu kesdinizde bulursunuz ve mutsuz \nolursunuz.<\/p>\n\n\n\n<p>Biz han\u0131mlar\u0131n mutsuz olmamas\u0131 i\u00e7in a\u00e7\u0131kl\u0131k getirmek istedim.<\/p>\n\n\n\n<p>\u0130\u015fte bir uzman maky\u00f6zden Makyaj Teknikleri<\/p>\n\n\n\n<p>Profesyonel Makyaj Nas\u0131l Yap\u0131l\u0131r<br>\nGece Makyaj\u0131 Nas\u0131l Yap\u0131l\u0131r<br>\nG\u00fcnl\u00fck Nas\u0131l Yap\u0131l\u0131r<br>\nGelin Makyaj\u0131 Nas\u0131l Yap\u0131l\u0131r<br>\n\u00c7ekim Makyajlar\u0131<br>\nSinema &amp; Tv Makyajlar\u0131 Nas\u0131l Yap\u0131l\u0131r<br>\nShow &amp; Fantastik Makyajlar Nas\u0131l Yap\u0131l\u0131r<br>\nPlastik Makyaj Nas\u0131l Yap\u0131l\u0131r<\/p>\n","protected":false},"excerpt":{"rendered":"<p>Makyaj Teknikleri Makyaj Teknikleri ni bildi\u011finiz zaman Makyaj yapmak \u00e7ok zevkli hale gelir. Bilmedi\u011finiz takdirde sorunu kesdinizde bulursunuz ve mutsuz olursunuz. Biz han\u0131mlar\u0131n mutsuz olmamas\u0131 i\u00e7in a\u00e7\u0131kl\u0131k getirmek istedim. \u0130\u015fte bir uzman maky\u00f6zden Makyaj Teknikleri Profesyonel Makyaj Nas\u0131l Yap\u0131l\u0131r Gece Makyaj\u0131 Nas\u0131l Yap\u0131l\u0131r G\u00fcnl\u00fck Nas\u0131l Yap\u0131l\u0131r Gelin Makyaj\u0131 Nas\u0131l Yap\u0131l\u0131r \u00c7ekim Makyajlar\u0131 Sinema &amp; Tv &hellip;<\/p>\n","protected":false},"author":1,"featured_media":0,"parent":0,"menu_order":0,"comment_status":"closed","ping_status":"closed","template":"","meta":{"footnotes":""},"tags":[],"class_list":["post-29","page","type-page","status-publish",""],"aioseo_notices":[],"_links":{"self":[{"href":"http:\/\/www.makyaj.mobi\/index.php\/wp-json\/wp\/v2\/pages\/29","targetHints":{"allow":["GET"]}}],"collection":[{"href":"http:\/\/www.makyaj.mobi\/index.php\/wp-json\/wp\/v2\/pages"}],"about":[{"href":"http:\/\/www.makyaj.mobi\/index.php\/wp-json\/wp\/v2\/types\/page"}],"author":[{"embeddable":true,"href":"http:\/\/www.makyaj.mobi\/index.php\/wp-json\/wp\/v2\/users\/1"}],"replies":[{"embeddable":true,"href":"http:\/\/www.makyaj.mobi\/index.php\/wp-json\/wp\/v2\/comments?post=29"}],"version-history":[{"count":1,"href":"http:\/\/www.makyaj.mobi\/index.php\/wp-json\/wp\/v2\/pages\/29\/revisions"}],"predecessor-version":[{"id":30,"href":"http:\/\/www.makyaj.mobi\/index.php\/wp-json\/wp\/v2\/pages\/29\/revisions\/30"}],"wp:attachment":[{"href":"http:\/\/www.makyaj.mobi\/index.php\/wp-json\/wp\/v2\/media?parent=29"}],"wp:term":[{"taxonomy":"post_tag","embeddable":true,"href":"http:\/\/www.makyaj.mobi\/index.php\/wp-json\/wp\/v2\/tags?post=29"}],"curies":[{"name":"wp","href":"https:\/\/api.w.org\/{rel}","templated":true}]}}